{"id":3438,"date":"2021-08-24T00:16:57","date_gmt":"2021-08-24T00:16:57","guid":{"rendered":"https:\/\/kinsley-demo.bslthemes.com\/search-results\/"},"modified":"2024-08-29T14:42:45","modified_gmt":"2024-08-29T12:42:45","slug":"vysledky-vyhladavania","status":"publish","type":"page","link":"https:\/\/www.marylouapartments.sk\/en\/vysledky-vyhladavania\/","title":{"rendered":"Search results"},"content":{"rendered":"<div data-elementor-type=\"wp-page\" data-elementor-id=\"3438\" class=\"elementor elementor-3438\" data-elementor-post-type=\"page\">\n\t\t\t\t<div class=\"elementor-element elementor-element-14d3b86 e-con-full e-flex e-con e-parent\" data-id=\"14d3b86\" data-element_type=\"container\">\n\t\t<div class=\"elementor-element elementor-element-84e4d46 e-con-full e-flex e-con e-child\" data-id=\"84e4d46\" data-element_type=\"container\">\n\t\t\t\t<div class=\"elementor-element elementor-element-a527350 elementor-widget elementor-widget-kinsley-intro\" data-id=\"a527350\" data-element_type=\"widget\" data-widget_type=\"kinsley-intro.default\">\n\t\t\t\t<div class=\"elementor-widget-container\">\n\t\t\t\t\t\n    <!-- banner -->\n    <section class=\"knsl-banner-simple knsl-transition-bottom knsl-banner-white\">\n      \n\t  \t  <div class=\"knsl-cover-frame\">\n\t\t\t\t\t\t<div style=\"background-image: url('https:\/\/www.marylouapartments.sk\/wp-content\/uploads\/2024\/05\/492051529.jpg');\" class=\"knsl-parallax knsl-banner-slide\"><\/div>\n\t\t\t\t\t\t\t\t\t  <\/div>\n\t  <div class=\"knsl-overlay\" style=\"opacity: 0.75;\"><\/div>\n\t  \n      <div class=\"container\">\n        <div class=\"row\">\n          <div class=\"col-lg-12\">\n\n            <div class=\"knsl-center knsl-title-frame title-pos-top\">\n                            <h1 class=\"knsl-title--h knsl-mb-20 knsl-h1-inner\">\n                <span >\n                    Available dates of accommodation                <\/span>\n              <\/h1>\n                                          <p class=\"knsl-text knsl-mb-30\">\n                <span >\n                    Explore accommodation dates                <\/span>\n              <\/p>\n              \n              <ul class=\"knsl-breadcrumbs\"><li><a href=\"https:\/\/www.marylouapartments.sk\/en\" title=\"Mary Lou Apartments\">Home<\/a><\/li><li class=\"tst-active\"><a><\/a><\/li><\/ul>\n            <\/div>\n\n          <\/div>\n        <\/div>\n      <\/div>\n    <\/section>\n    <!-- banner end -->\n\n\t\t\t\t\t\t<\/div>\n\t\t\t\t<\/div>\n\t\t\t\t<\/div>\n\t\t\t\t<\/div>\n\t\t<div class=\"elementor-element elementor-element-7515b8a e-con-full e-flex e-con e-parent\" data-id=\"7515b8a\" data-element_type=\"container\">\n\t\t<div class=\"elementor-element elementor-element-1bad236 e-flex e-con-boxed e-con e-child\" data-id=\"1bad236\" data-element_type=\"container\">\n\t\t\t\t\t<div class=\"e-con-inner\">\n\t\t<div class=\"elementor-element elementor-element-8c7c3ee e-con-full e-flex e-con e-child\" data-id=\"8c7c3ee\" data-element_type=\"container\">\n\t\t\t\t<div class=\"elementor-element elementor-element-5d91489 elementor-widget elementor-widget-kinsley-mphb-search-form\" data-id=\"5d91489\" data-element_type=\"widget\" data-widget_type=\"kinsley-mphb-search-form.default\">\n\t\t\t\t<div class=\"elementor-widget-container\">\n\t\t\t\t\t                <div class=\"mphb_sc_search-wrapper  knsl-two-book-form knsl-two-book-form-vertical\"><form method=\"GET\" class=\"mphb_sc_search-form\" action=\"https:\/\/www.marylouapartments.sk\/en\/vysledky-vyhladavania\/\" data-trp-original-action=\"https:\/\/www.marylouapartments.sk\/en\/vysledky-vyhladavania\/\">\n\n\t<p class = \"mphb-required-fields-tip\">\n\t<small>\n\t\tRequired fields are followed by\t\t<abbr title=\"required\">*<\/abbr>\n\t<\/small>\n<\/p>\n\n\t<p class=\"mphb_sc_search-check-in-date\">\n\t\t<label for=\"mphb_check_in_date-mphb-search-form-69f417377c159\">\n\t\t\tCheck-in\t\t\t<abbr title=\"Formatted as dd\/mm\/yyyy\">*<\/abbr>\n\t\t<\/label>\n\t\t<br \/>\n\t\t<input\n\t\t\tid=\"mphb_check_in_date-mphb-search-form-69f417377c159\"\n\t\t\tdata-datepick-group=\"mphb-search-form-69f417377c159\"\n\t\t\tvalue=\"\"\n\t\t\tplaceholder=\"Check-in Date\"\n\t\t\trequired=\"required\"\n\t\t\ttype=\"text\"\n\t\t\tname=\"mphb_check_in_date\"\n\t\t\tclass=\"mphb-datepick\"\n\t\t\tautocomplete=\"off\"\n\t\t\tinputmode=\"none\"\n\t\t\t\/>\n\t<\/p>\n\n\t<p class=\"mphb_sc_search-check-out-date\">\n\t\t<label for=\"mphb_check_out_date-mphb-search-form-69f417377c159\">\n\t\t\tCheck-out\t\t\t<abbr title=\"Formatted as dd\/mm\/yyyy\">*<\/abbr>\n\t\t<\/label>\n\t\t<br \/>\n\t\t<input\n\t\t\tid=\"mphb_check_out_date-mphb-search-form-69f417377c159\"\n\t\t\tdata-datepick-group=\"mphb-search-form-69f417377c159\"\n\t\t\tvalue=\"\"\n\t\t\tplaceholder=\"Check-out Date\"\n\t\t\trequired=\"required\"\n\t\t\ttype=\"text\"\n\t\t\tname=\"mphb_check_out_date\"\n\t\t\tclass=\"mphb-datepick\"\n\t\t\tautocomplete=\"off\"\n\t\t\tinputmode=\"none\"\n\t\t\t\/>\n\t<\/p>\n\n\t\t\t<p class=\"mphb_sc_search-adults\">\n\t\t\t<label for=\"mphb_adults-mphb-search-form-69f417377c159\">\n\t\t\t\tAdults\t\t\t<\/label>\n\t\t\t<br \/>\n\t\t\t<select id=\"mphb_adults-mphb-search-form-69f417377c159\" name=\"mphb_adults\" >\n\t\t\t\t\t\t\t\t\t<option value=\"1\"  selected='selected'>1<\/option>\n\t\t\t\t\t\t\t\t\t<option value=\"2\" >2<\/option>\n\t\t\t\t\t\t\t\t\t<option value=\"3\" >3<\/option>\n\t\t\t\t\t\t\t<\/select>\n\t\t<\/p>\n\t\n\t\t\t<p class=\"mphb_sc_search-children\">\n\t\t\t<label for=\"mphb_children-mphb-search-form-69f417377c159\">\n\t\t\t\tChildren\t\t\t<\/label>\n\t\t\t<br \/>\n\t\t\t<select id=\"mphb_children-mphb-search-form-69f417377c159\" name=\"mphb_children\">\n\t\t\t\t\t\t\t\t\t<option value=\"0\"  selected='selected'>0<\/option>\n\t\t\t\t\t\t\t\t\t<option value=\"1\" >1<\/option>\n\t\t\t\t\t\t\t\t\t<option value=\"2\" >2<\/option>\n\t\t\t\t\t\t\t\t\t<option value=\"3\" >3<\/option>\n\t\t\t\t\t\t\t<\/select>\n\t\t<\/p>\n\t\n\t\n\t\n\t<input id=\"mphb_check_in_date-mphb-search-form-69f417377c159-hidden\" value=\"\" type=\"hidden\" name=\"mphb_check_in_date\" \/><input id=\"mphb_check_out_date-mphb-search-form-69f417377c159-hidden\" value=\"\" type=\"hidden\" name=\"mphb_check_out_date\" \/>\n\t<p class=\"mphb_sc_search-submit-button-wrapper\">\n\t\t<button type=\"submit\" class=\"button knsl-btn\">Search<\/button>\n\t<\/p>\n\n\t\n<input type=\"hidden\" name=\"trp-form-language\" value=\"en\"\/><\/form>\n<\/div>                \t\t\t\t<\/div>\n\t\t\t\t<\/div>\n\t\t\t\t<\/div>\n\t\t<div class=\"elementor-element elementor-element-8526308 e-con-full e-flex e-con e-child\" data-id=\"8526308\" data-element_type=\"container\">\n\t\t\t\t<div class=\"elementor-element elementor-element-954446f elementor-widget elementor-widget-kinsley-mphb-search-results\" data-id=\"954446f\" data-element_type=\"widget\" data-widget_type=\"kinsley-mphb-search-results.default\">\n\t\t\t\t<div class=\"elementor-widget-container\">\n\t\t\t\t\t    <div class=\"knsl-rooms-two knsl-rooms-two-inline\">\n        <div class=\"mphb_sc_search_results-wrapper  attr-details-amenity-false attr-details-category-false attr-details-attributes-false attr-details-view-false attr-details-bed-type-false attr-details-children-false\"><div class=\"mphb-errors-wrapper\">\n\t<\/div>\n<\/div>    <\/div>\n    \t\t\t\t<\/div>\n\t\t\t\t<\/div>\n\t\t\t\t<\/div>\n\t\t\t\t\t<\/div>\n\t\t\t\t<\/div>\n\t\t\t\t<\/div>\n\t\t\t\t<\/div>","protected":false},"excerpt":{"rendered":"<p>Vo\u013en\u00e9 term\u00edny ubytovania Presk\u00famajte term\u00edny ubytovania Home Required fields are followed by * Check-in * Check-out * Adults 123 Children&#8230; <span class=\"knsl-el-more\"><a href=\"https:\/\/www.marylouapartments.sk\/en\/vysledky-vyhladavania\/\" class=\"knsl-btn\">Read more<span class=\"screen-reader-text\">Read more&nbsp;V\u00fdsledky vyh\u013ead\u00e1vania<\/span><\/a><\/span><\/p>","protected":false},"author":1,"featured_media":0,"parent":0,"menu_order":0,"comment_status":"closed","ping_status":"closed","template":"template-layout-builder.php","meta":{"_acf_changed":false,"footnotes":""},"class_list":["post-3438","page","type-page","status-publish","hentry"],"acf":[],"aioseo_notices":[],"_links":{"self":[{"href":"https:\/\/www.marylouapartments.sk\/en\/wp-json\/wp\/v2\/pages\/3438","targetHints":{"allow":["GET"]}}],"collection":[{"href":"https:\/\/www.marylouapartments.sk\/en\/wp-json\/wp\/v2\/pages"}],"about":[{"href":"https:\/\/www.marylouapartments.sk\/en\/wp-json\/wp\/v2\/types\/page"}],"author":[{"embeddable":true,"href":"https:\/\/www.marylouapartments.sk\/en\/wp-json\/wp\/v2\/users\/1"}],"replies":[{"embeddable":true,"href":"https:\/\/www.marylouapartments.sk\/en\/wp-json\/wp\/v2\/comments?post=3438"}],"version-history":[{"count":5,"href":"https:\/\/www.marylouapartments.sk\/en\/wp-json\/wp\/v2\/pages\/3438\/revisions"}],"predecessor-version":[{"id":11574,"href":"https:\/\/www.marylouapartments.sk\/en\/wp-json\/wp\/v2\/pages\/3438\/revisions\/11574"}],"wp:attachment":[{"href":"https:\/\/www.marylouapartments.sk\/en\/wp-json\/wp\/v2\/media?parent=3438"}],"curies":[{"name":"wp","href":"https:\/\/api.w.org\/{rel}","templated":true}]}}