{"id":352,"date":"2021-12-11T02:09:37","date_gmt":"2021-12-11T02:09:37","guid":{"rendered":"https:\/\/kinsley-demo.bslthemes.com\/?page_id=352"},"modified":"2024-06-06T14:23:30","modified_gmt":"2024-06-06T12:23:30","slug":"kontakt","status":"publish","type":"page","link":"https:\/\/www.marylouapartments.sk\/en\/kontakt\/","title":{"rendered":"Contact"},"content":{"rendered":"<div data-elementor-type=\"wp-page\" data-elementor-id=\"352\" class=\"elementor elementor-352\" data-elementor-post-type=\"page\">\n\t\t\t\t<div class=\"elementor-element elementor-element-c50cf93 e-con-full e-flex e-con e-parent\" data-id=\"c50cf93\" data-element_type=\"container\">\n\t\t<div class=\"elementor-element elementor-element-832400a e-con-full e-flex e-con e-child\" data-id=\"832400a\" data-element_type=\"container\">\n\t\t\t\t<div class=\"elementor-element elementor-element-b111784 elementor-widget elementor-widget-kinsley-intro\" data-id=\"b111784\" data-element_type=\"widget\" data-widget_type=\"kinsley-intro.default\">\n\t\t\t\t<div class=\"elementor-widget-container\">\n\t\t\t\t\t\n    <!-- banner -->\n    <section class=\"knsl-banner-simple knsl-transition-bottom knsl-banner-white\">\n      \n\t  \n      <div class=\"container\">\n        <div class=\"row\">\n          <div class=\"col-lg-12\">\n\n            <div class=\"knsl-center knsl-title-frame title-pos-top\">\n                            <h1 class=\"knsl-title--h knsl-mb-20 knsl-h1-inner\">\n                <span >\n                    Contact                <\/span>\n              <\/h1>\n                                          <p class=\"knsl-text knsl-mb-30\">\n                <span >\n                    We are pleased to welcome you to our apartments                <\/span>\n              <\/p>\n              \n              \n            <\/div>\n\n          <\/div>\n        <\/div>\n      <\/div>\n    <\/section>\n    <!-- banner end -->\n\n\t\t\t\t\t\t<\/div>\n\t\t\t\t<\/div>\n\t\t\t\t<\/div>\n\t\t\t\t<\/div>\n\t\t<div class=\"elementor-element elementor-element-1a53c2e e-con-full e-flex e-con e-parent\" data-id=\"1a53c2e\" data-element_type=\"container\">\n\t\t<div class=\"elementor-element elementor-element-08b78b7 e-flex e-con-boxed e-con e-child\" data-id=\"08b78b7\" data-element_type=\"container\" data-settings=\"{&quot;background_background&quot;:&quot;classic&quot;}\">\n\t\t\t\t\t<div class=\"e-con-inner\">\n\t\t<div class=\"elementor-element elementor-element-1526ba1 e-con-full e-flex e-con e-child\" data-id=\"1526ba1\" data-element_type=\"container\">\n\t\t\t\t<div class=\"elementor-element elementor-element-a6757b0 elementor-widget elementor-widget-kinsley-contact-info\" data-id=\"a6757b0\" data-element_type=\"widget\" data-widget_type=\"kinsley-contact-info.default\">\n\t\t\t\t<div class=\"elementor-widget-container\">\n\t\t\t\t\t\n\t\t<!-- contact -->\n    \t<section>\n\t\t\t<div id=\"knsl-triger-1\"><\/div>\n\t\t\t\n\t\t\t<!-- features card -->\n\t\t\t<div class=\"knsl-features-card\">\n\t\t\t\t\t\t\t\t<div class=\"row\">\n\t\t\t\t\t\t\t\t\t\t<div class=\"col-12 col-lg-6\">\n\t\t\t\t\t\t<!-- icon box -->\n\t\t\t\t\t\t<div class=\"knsl-icon-box\">\n\t\t\t\t\t\t\t\t\t\t\t\t\t\t<img decoding=\"async\" src=\"https:\/\/www.marylouapartments.sk\/wp-content\/uploads\/2024\/05\/telefon-950x950.png\" alt=\"icon\" class=\"knsl-mb-10\" \/>\n\t\t\t\t\t\t\t\t\t\t\t\t\t\t\t\t\t\t\t\t\t<h5 class=\"knsl-mb-10\">\n\t\t\t\t\t\t\t\t<span >\n\t\t\t\t\t\t\t\t\tPhone\t\t\t\t\t\t\t\t<\/span>\n\t\t\t\t\t\t\t<\/h5>\n\t\t\t\t\t\t\t\t\t\t\t\t\t\t\t\t\t\t\t\t\t<p>\n\t\t\t\t\t\t\t\t<span >\n\t\t\t\t\t\t\t\t\t+421 915 889 424\t\t\t\t\t\t\t\t<\/span>\n\t\t\t\t\t\t\t<\/p>\n\t\t\t\t\t\t\t\t\t\t\t\t\t<\/div>\n\t\t\t\t\t\t<!-- icon box end -->\n\t\t\t\t\t<\/div>\n\t\t\t\t\t\t\t\t\t\t<div class=\"col-12 col-lg-6\">\n\t\t\t\t\t\t<!-- icon box -->\n\t\t\t\t\t\t<div class=\"knsl-icon-box\">\n\t\t\t\t\t\t\t\t\t\t\t\t\t\t<img decoding=\"async\" src=\"https:\/\/www.marylouapartments.sk\/wp-content\/uploads\/2024\/05\/email-950x950.png\" alt=\"icon\" class=\"knsl-mb-10\" \/>\n\t\t\t\t\t\t\t\t\t\t\t\t\t\t\t\t\t\t\t\t\t<h5 class=\"knsl-mb-10\">\n\t\t\t\t\t\t\t\t<span >\n\t\t\t\t\t\t\t\t\tE-mail\t\t\t\t\t\t\t\t<\/span>\n\t\t\t\t\t\t\t<\/h5>\n\t\t\t\t\t\t\t\t\t\t\t\t\t\t\t\t\t\t\t\t\t<p>\n\t\t\t\t\t\t\t\t<span >\n\t\t\t\t\t\t\t\t\tinfo@marylouapartments.sk\t\t\t\t\t\t\t\t<\/span>\n\t\t\t\t\t\t\t<\/p>\n\t\t\t\t\t\t\t\t\t\t\t\t\t<\/div>\n\t\t\t\t\t\t<!-- icon box end -->\n\t\t\t\t\t<\/div>\n\t\t\t\t\t\t\t\t\t<\/div>\n\t\t\t\t\t\t\t<\/div>\n\t\t\t<!-- contact end -->\n\n\t\t\t    \t<\/section>\n\n\t\t\t\t\t\t<\/div>\n\t\t\t\t<\/div>\n\t\t\t\t<\/div>\n\t\t\t\t\t<\/div>\n\t\t\t\t<\/div>\n\t\t\t\t<\/div>\n\t\t<div class=\"elementor-element elementor-element-a0b9c4e e-con-full e-flex e-con e-parent\" data-id=\"a0b9c4e\" data-element_type=\"container\">\n\t\t<div class=\"elementor-element elementor-element-b722ed8 e-flex e-con-boxed e-con e-child\" data-id=\"b722ed8\" data-element_type=\"container\">\n\t\t\t\t\t<div class=\"e-con-inner\">\n\t\t<div class=\"elementor-element elementor-element-4067701 e-con-full e-flex e-con e-child\" data-id=\"4067701\" data-element_type=\"container\">\n\t\t\t\t<div class=\"elementor-element elementor-element-0d4413f elementor-widget elementor-widget-kinsley-section-heading-two\" data-id=\"0d4413f\" data-element_type=\"widget\" data-widget_type=\"kinsley-section-heading-two.default\">\n\t\t\t\t<div class=\"elementor-widget-container\">\n\t\t\t\t\t\n\t\t\t\t<div class=\"knsl-subtitle-two knsl-mb-20\">\n\t\t\t<span >\n\t\t\t\tContact information\t\t\t<\/span>\n\t\t<\/div>\n\t\t\t\t\t\t<h2 class=\"knsl-title-two knsl-mb-30\">\n\t\t\t<span >\n\t\t\t\tWe are available for you\t\t\t<\/span>\n\t\t<\/h2>\n\t\t\t\t\t\t<div class=\"knsl-description-two\">\n\t\t\t<div >\n\t\t\t\tWe are here to ensure that your stay in our apartments will be exceptional.\t\t\t<\/div>\n\t\t<\/div>\n\t\t\n\t\t\t\t\t\t<\/div>\n\t\t\t\t<\/div>\n\t\t\t\t<div class=\"elementor-element elementor-element-60393ba elementor-widget elementor-widget-heading\" data-id=\"60393ba\" data-element_type=\"widget\" data-widget_type=\"heading.default\">\n\t\t\t\t<div class=\"elementor-widget-container\">\n\t\t\t\t\t<h4 class=\"elementor-heading-title elementor-size-default\">Phone<\/h4>\t\t\t\t<\/div>\n\t\t\t\t<\/div>\n\t\t\t\t<div class=\"elementor-element elementor-element-583f40d elementor-widget elementor-widget-text-editor\" data-id=\"583f40d\" data-element_type=\"widget\" data-widget_type=\"text-editor.default\">\n\t\t\t\t<div class=\"elementor-widget-container\">\n\t\t\t\t\t\t\t\t\t<p><a href=\"tel:+421 915 889 424\">+421 915 889 424<\/a><\/p>\t\t\t\t\t\t\t\t<\/div>\n\t\t\t\t<\/div>\n\t\t\t\t<div class=\"elementor-element elementor-element-063791c elementor-widget elementor-widget-heading\" data-id=\"063791c\" data-element_type=\"widget\" data-widget_type=\"heading.default\">\n\t\t\t\t<div class=\"elementor-widget-container\">\n\t\t\t\t\t<h4 class=\"elementor-heading-title elementor-size-default\">E-mail<\/h4>\t\t\t\t<\/div>\n\t\t\t\t<\/div>\n\t\t\t\t<div class=\"elementor-element elementor-element-bb268b2 elementor-widget elementor-widget-text-editor\" data-id=\"bb268b2\" data-element_type=\"widget\" data-widget_type=\"text-editor.default\">\n\t\t\t\t<div class=\"elementor-widget-container\">\n\t\t\t\t\t\t\t\t\t<p><a href=\"mailto:info@marylouapartments.sk\">info@marylouapartments.sk<\/a><\/p>\t\t\t\t\t\t\t\t<\/div>\n\t\t\t\t<\/div>\n\t\t\t\t<div class=\"elementor-element elementor-element-f95430c elementor-widget elementor-widget-heading\" data-id=\"f95430c\" data-element_type=\"widget\" data-widget_type=\"heading.default\">\n\t\t\t\t<div class=\"elementor-widget-container\">\n\t\t\t\t\t<h4 class=\"elementor-heading-title elementor-size-default\">Billing information:<\/h4>\t\t\t\t<\/div>\n\t\t\t\t<\/div>\n\t\t\t\t<div class=\"elementor-element elementor-element-a39b3e7 elementor-widget elementor-widget-text-editor\" data-id=\"a39b3e7\" data-element_type=\"widget\" data-widget_type=\"text-editor.default\">\n\t\t\t\t<div class=\"elementor-widget-container\">\n\t\t\t\t\t\t\t\t\t<b>DE PLANO, s.r.o.<\/b><br>\nZ\u00e1mock\u00e1 20 811 01 Bratislava &#8211; mestsk\u00e1 \u010das\u0165 Star\u00e9 Mesto<br>\nI\u010cO: 36830780<br>\nDI\u010c: 2022448175<br>\nI\u010c DPH: SK2022448175\t\t\t\t\t\t\t\t<\/div>\n\t\t\t\t<\/div>\n\t\t\t\t<\/div>\n\t\t<div class=\"elementor-element elementor-element-e326c7b e-con-full e-flex e-con e-child\" data-id=\"e326c7b\" data-element_type=\"container\">\n\t\t\t\t<\/div>\n\t\t<div class=\"elementor-element elementor-element-8a5bf66 e-con-full e-flex e-con e-child\" data-id=\"8a5bf66\" data-element_type=\"container\">\n\t\t\t\t<div class=\"elementor-element elementor-element-ef0ea0f elementor-widget elementor-widget-kinsley-section-heading-two\" data-id=\"ef0ea0f\" data-element_type=\"widget\" data-widget_type=\"kinsley-section-heading-two.default\">\n\t\t\t\t<div class=\"elementor-widget-container\">\n\t\t\t\t\t\n\t\t\t\t\t\t<h2 class=\"knsl-title-two knsl-mb-30\">\n\t\t\t<span >\n\t\t\t\tWrite us a message\t\t\t<\/span>\n\t\t<\/h2>\n\t\t\t\t\n\t\t\t\t\t\t<\/div>\n\t\t\t\t<\/div>\n\t\t\t\t<div class=\"elementor-element elementor-element-a0f04d5 elementor-widget elementor-widget-kinsley-contact-form\" data-id=\"a0f04d5\" data-element_type=\"widget\" data-widget_type=\"kinsley-contact-form.default\">\n\t\t\t\t<div class=\"elementor-widget-container\">\n\t\t\t\t\t\n\t\t<section class=\"knsl-transition-none knsl-p-0-100\">\n\t\t\t\t\t\t\t\t\t\t<div class=\"row\">\n\t\t\t\t\t\t\t\t\t\t\t\t\t\t\t<div class=\"col-lg-12\">\n\t\t\t\t\t\t<div class=\"knsl-scroll-animation-default\">\n\t\t\t\t\t\t\n<div class=\"wpcf7 no-js\" id=\"wpcf7-f80-o1\" lang=\"sk-SK\" dir=\"ltr\" data-wpcf7-id=\"80\">\n<div class=\"screen-reader-response\"><p role=\"status\" aria-live=\"polite\" aria-atomic=\"true\"><\/p> <ul><\/ul><\/div>\n<form action=\"\/en\/wp-json\/wp\/v2\/pages\/352#wpcf7-f80-o1\" method=\"post\" class=\"wpcf7-form init\" aria-label=\"Kontaktn\u00fd formul\u00e1r\" novalidate=\"novalidate\" data-status=\"init\" data-trp-original-action=\"\/en\/wp-json\/wp\/v2\/pages\/352#wpcf7-f80-o1\">\n<fieldset class=\"hidden-fields-container\"><input type=\"hidden\" name=\"_wpcf7\" value=\"80\" \/><input type=\"hidden\" name=\"_wpcf7_version\" value=\"6.1.3\" \/><input type=\"hidden\" name=\"_wpcf7_locale\" value=\"sk_SK\" \/><input type=\"hidden\" name=\"_wpcf7_unit_tag\" value=\"wpcf7-f80-o1\" \/><input type=\"hidden\" name=\"_wpcf7_container_post\" value=\"0\" \/><input type=\"hidden\" name=\"_wpcf7_posted_data_hash\" value=\"\" \/><input type=\"hidden\" name=\"_wpcf7_recaptcha_response\" value=\"\" \/>\n<\/fieldset>\n<label> Name\n    <span class=\"wpcf7-form-control-wrap\" data-name=\"your-name\"><input size=\"40\" maxlength=\"400\" class=\"wpcf7-form-control wpcf7-text wpcf7-validates-as-required\" autocomplete=\"name\" aria-required=\"true\" aria-invalid=\"false\" value=\"\" type=\"text\" name=\"your-name\" \/><\/span> <\/label>\n\n<label> E-mail\n    <span class=\"wpcf7-form-control-wrap\" data-name=\"your-email\"><input size=\"40\" maxlength=\"400\" class=\"wpcf7-form-control wpcf7-email wpcf7-validates-as-required wpcf7-text wpcf7-validates-as-email\" autocomplete=\"email\" aria-required=\"true\" aria-invalid=\"false\" value=\"\" type=\"email\" name=\"your-email\" \/><\/span> <\/label>\n\n<label> Subject\n    <span class=\"wpcf7-form-control-wrap\" data-name=\"your-subject\"><input size=\"40\" maxlength=\"400\" class=\"wpcf7-form-control wpcf7-text wpcf7-validates-as-required\" aria-required=\"true\" aria-invalid=\"false\" value=\"\" type=\"text\" name=\"your-subject\" \/><\/span> <\/label>\n\n<label> Message\n    <span class=\"wpcf7-form-control-wrap\" data-name=\"your-message\"><textarea cols=\"40\" rows=\"10\" maxlength=\"2000\" class=\"wpcf7-form-control wpcf7-textarea\" aria-invalid=\"false\" name=\"your-message\"><\/textarea><\/span> <\/label>\n\n<input class=\"wpcf7-form-control wpcf7-submit has-spinner\" type=\"submit\" value=\"Submit\" \/><p style=\"display: none !important;\" class=\"akismet-fields-container\" data-prefix=\"_wpcf7_ak_\"><label>&#916;<textarea name=\"_wpcf7_ak_hp_textarea\" cols=\"45\" rows=\"8\" maxlength=\"100\"><\/textarea><\/label><input type=\"hidden\" id=\"ak_js_1\" name=\"_wpcf7_ak_js\" value=\"75\"\/><script>document.getElementById( \"ak_js_1\" ).setAttribute( \"value\", ( new Date() ).getTime() );<\/script><\/p><div class=\"wpcf7-response-output\" aria-hidden=\"true\"><\/div>\n<input type=\"hidden\" name=\"trp-form-language\" value=\"en\"\/><\/form>\n<\/div>\n\t\t\t\t\t\t<\/div>\n\t\t\t\t\t<\/div>\n\t\t\t\t\t\t\t\t\t<\/div>\n\t\t\t\t\t<\/section>\n\n\t\t\t\t\t\t<\/div>\n\t\t\t\t<\/div>\n\t\t\t\t<\/div>\n\t\t\t\t\t<\/div>\n\t\t\t\t<\/div>\n\t\t\t\t<\/div>\n\t\t\t\t<\/div>","protected":false},"excerpt":{"rendered":"<p>Kontakt Sme radi, \u017ee V\u00e1s m\u00f4\u017eeme priv\u00edta\u0165 v na\u0161ich apartm\u00e1noch Telef\u00f3n +421 915 889 424 Mail info@marylouapartments.sk Kontaktn\u00e9 inform\u00e1cie Sme&#8230; <span class=\"knsl-el-more\"><a href=\"https:\/\/www.marylouapartments.sk\/en\/kontakt\/\" class=\"knsl-btn\">Read more<span class=\"screen-reader-text\">Read more&nbsp;Kontakt<\/span><\/a><\/span><\/p>","protected":false},"author":1,"featured_media":0,"parent":0,"menu_order":0,"comment_status":"closed","ping_status":"closed","template":"template-layout-builder.php","meta":{"_acf_changed":false,"footnotes":""},"class_list":["post-352","page","type-page","status-publish","hentry"],"acf":[],"aioseo_notices":[],"_links":{"self":[{"href":"https:\/\/www.marylouapartments.sk\/en\/wp-json\/wp\/v2\/pages\/352","targetHints":{"allow":["GET"]}}],"collection":[{"href":"https:\/\/www.marylouapartments.sk\/en\/wp-json\/wp\/v2\/pages"}],"about":[{"href":"https:\/\/www.marylouapartments.sk\/en\/wp-json\/wp\/v2\/types\/page"}],"author":[{"embeddable":true,"href":"https:\/\/www.marylouapartments.sk\/en\/wp-json\/wp\/v2\/users\/1"}],"replies":[{"embeddable":true,"href":"https:\/\/www.marylouapartments.sk\/en\/wp-json\/wp\/v2\/comments?post=352"}],"version-history":[{"count":0,"href":"https:\/\/www.marylouapartments.sk\/en\/wp-json\/wp\/v2\/pages\/352\/revisions"}],"wp:attachment":[{"href":"https:\/\/www.marylouapartments.sk\/en\/wp-json\/wp\/v2\/media?parent=352"}],"curies":[{"name":"wp","href":"https:\/\/api.w.org\/{rel}","templated":true}]}}