{"id":688,"date":"2021-12-13T19:08:46","date_gmt":"2021-12-13T19:08:46","guid":{"rendered":"https:\/\/kinsley-demo.bslthemes.com\/?page_id=688"},"modified":"2024-06-21T15:05:26","modified_gmt":"2024-06-21T13:05:26","slug":"faq","status":"publish","type":"page","link":"https:\/\/www.marylouapartments.sk\/en\/faq\/","title":{"rendered":"FAQ"},"content":{"rendered":"<div data-elementor-type=\"wp-page\" data-elementor-id=\"688\" class=\"elementor elementor-688\" data-elementor-post-type=\"page\">\n\t\t\t\t<div class=\"elementor-element elementor-element-0421005 e-con-full e-flex e-con e-parent\" data-id=\"0421005\" data-element_type=\"container\">\n\t\t<div class=\"elementor-element elementor-element-efaba3a e-con-full e-flex e-con e-child\" data-id=\"efaba3a\" data-element_type=\"container\">\n\t\t\t\t<div class=\"elementor-element elementor-element-854b3c3 elementor-widget elementor-widget-kinsley-intro\" data-id=\"854b3c3\" data-element_type=\"widget\" data-widget_type=\"kinsley-intro.default\">\n\t\t\t\t<div class=\"elementor-widget-container\">\n\t\t\t\t\t\n    <!-- banner -->\n    <section class=\"knsl-banner-simple knsl-transition-bottom knsl-banner-white\">\n      \n\t  \n      <div class=\"container\">\n        <div class=\"row\">\n          <div class=\"col-lg-12\">\n\n            <div class=\"knsl-center knsl-title-frame title-pos-top\">\n                            <h1 class=\"knsl-title--h knsl-mb-20 knsl-h1-inner\">\n                <span >\n                    Frequently asked questions                <\/span>\n              <\/h1>\n                            \n              \n            <\/div>\n\n          <\/div>\n        <\/div>\n      <\/div>\n    <\/section>\n    <!-- banner end -->\n\n\t\t\t\t\t\t<\/div>\n\t\t\t\t<\/div>\n\t\t\t\t<\/div>\n\t\t\t\t<\/div>\n\t\t<div class=\"elementor-element elementor-element-7f3ee2b e-con-full e-flex e-con e-parent\" data-id=\"7f3ee2b\" data-element_type=\"container\">\n\t\t<div class=\"elementor-element elementor-element-1601c09 e-flex e-con-boxed e-con e-child\" data-id=\"1601c09\" data-element_type=\"container\">\n\t\t\t\t\t<div class=\"e-con-inner\">\n\t\t<div class=\"elementor-element elementor-element-c89951b e-con-full e-flex e-con e-child\" data-id=\"c89951b\" data-element_type=\"container\">\n\t\t\t\t<div class=\"elementor-element elementor-element-a1e8b05 elementor-widget elementor-widget-kinsley-faq-list\" data-id=\"a1e8b05\" data-element_type=\"widget\" data-widget_type=\"kinsley-faq-list.default\">\n\t\t\t\t<div class=\"elementor-widget-container\">\n\t\t\t\t\t\n\t\t<!-- faq -->\n\t\t\n\t\t\t\n\t\t\t<div class=\"row\" data-sticky-container>\n\t\t\t\t<div class=\"col-lg-3\">\n\t\t\t\t\t\t\t\t\t\t<!-- side form -->\n\t\t\t\t\t<div class=\"knsl-sticky knsl-stycky-left\" data-margin-top=\"110\">\n\t\t\t\t\t\t\t\t\t\t\t\t<ul class=\"knsl-side-menu\">\n\t\t\t\t\t\t\t\t\t\t\t\t\t\t<li><a href=\"#faq-93\" class=\"knsl-sm-link knsl-active\">Your questions<\/a><\/li>\n\t\t\t\t\t\t\t\t\t\t\t\t\t<\/ul>\n\t\t\t\t\t<\/div>\n\t\t\t\t\t<!-- side form end -->\n\t\t\t\t\t\t\t\t\t<\/div>\n\t\t\t\t<div class=\"col-lg-9\">\n\t\t\t\t\t<section>\n\t\t\t\t\t\t\t\t\t\t\t\t<div id=\"accordion\">\n\t\t\t\t\t\t\t\t\t\t\t\t\t\t<h3 class=\"knsl-mb-30\">Your questions<\/h3>\n\t\t\t\t\t\t\t<div class=\"knsl-faq knsl-mb-60\" id=\"faq-93\">\n\t\t\t\t\t\t\t\t\n\n<div class=\"card\">\n\t<div class=\"card-header\" id=\"knsl-faqHeading-2069\">\n\t\t<div class=\"mb-0\">\n\t\t\t<h6 class=\"knsl-faq-title\" data-toggle=\"collapse\" data-target=\"#knsl-faqCollapse-2069\" data-aria-expanded=\"true\" data-aria-controls=\"knsl-faqCollapse-2069\">\n\t\t\t\t<span class=\"badge\">1<\/span>\n\t\t\t\tWhen are the departures scheduled? And is late checkout possible?\t\t\t<\/h6>\n\t\t<\/div>\n\t<\/div>\n\t<div id=\"knsl-faqCollapse-2069\" class=\"collapse\" aria-labelledby=\"knsl-faqHeading-2069\" data-parent=\"#accordion\">\n\t\t<div class=\"knsl-card-body\">\n\t\t\t\r\n<p>Departures are always before 10:00. If you need a later checkout, please contact us.\u00a0<\/p>\r\n\t\t<\/div>\n\t<\/div>\n<\/div>\n\n\n<div class=\"card\">\n\t<div class=\"card-header\" id=\"knsl-faqHeading-705\">\n\t\t<div class=\"mb-0\">\n\t\t\t<h6 class=\"knsl-faq-title\" data-toggle=\"collapse\" data-target=\"#knsl-faqCollapse-705\" data-aria-expanded=\"true\" data-aria-controls=\"knsl-faqCollapse-705\">\n\t\t\t\t<span class=\"badge\">2<\/span>\n\t\t\t\tWhat time can we check in?\t\t\t<\/h6>\n\t\t<\/div>\n\t<\/div>\n\t<div id=\"knsl-faqCollapse-705\" class=\"collapse\" aria-labelledby=\"knsl-faqHeading-705\" data-parent=\"#accordion\">\n\t\t<div class=\"knsl-card-body\">\n\t\t\t\r\n<p>Arrivals are always at 14:00 or any time after 14:00. Any later arrival time is not charged. At Hotel Ovru\u010d we have a reception available 24 hours a day.<\/p>\r\n\t\t<\/div>\n\t<\/div>\n<\/div>\n\t\t\t\t\t\t\t<\/div>\n\t\t\t\t\t\t\t\t\t\t\t\t\t<\/div>\n\t\t\t\t\t\t\t\t\t\t\t<\/section>\n\n\t\t\t\t\t\t\t\t\t\t<section>\n\t\t\t\t\t\t<div class=\"row\">\n\t\t\t\t\t\t\t<div class=\"col-lg-12\">\n\t\t\t\t\t\t\t\t\t\t\t\t\t\t\t\t<h3 class=\"knsl-mb-40 knsl-scroll-animation\">\n\t\t\t\t\t\t\t\t\t<span >\n\t\t\t\t\t\t\t\t\t\tDo you need advice?\t\t\t\t\t\t\t\t\t<\/span>\n\t\t\t\t\t\t\t\t<\/h3>\n\t\t\t\t\t\t\t\t\t\t\t\t\t\t\t<\/div>\n\t\t\t\t\t\t\t\t\t\t\t\t\t\t<div class=\"col-lg-12\">\n\t\t\t\t\t\t\t\t<div class=\"knsl-scroll-animation-default\">\n\t\t\t\t\t\t\t\t\t\n<div class=\"wpcf7 no-js\" id=\"wpcf7-f80-o1\" lang=\"sk-SK\" dir=\"ltr\" data-wpcf7-id=\"80\">\n<div class=\"screen-reader-response\"><p role=\"status\" aria-live=\"polite\" aria-atomic=\"true\"><\/p> <ul><\/ul><\/div>\n<form action=\"\/en\/wp-json\/wp\/v2\/pages\/688#wpcf7-f80-o1\" method=\"post\" class=\"wpcf7-form init\" aria-label=\"Kontaktn\u00fd formul\u00e1r\" novalidate=\"novalidate\" data-status=\"init\" data-trp-original-action=\"\/en\/wp-json\/wp\/v2\/pages\/688#wpcf7-f80-o1\">\n<fieldset class=\"hidden-fields-container\"><input type=\"hidden\" name=\"_wpcf7\" value=\"80\" \/><input type=\"hidden\" name=\"_wpcf7_version\" value=\"6.1.3\" \/><input type=\"hidden\" name=\"_wpcf7_locale\" value=\"sk_SK\" \/><input type=\"hidden\" name=\"_wpcf7_unit_tag\" value=\"wpcf7-f80-o1\" \/><input type=\"hidden\" name=\"_wpcf7_container_post\" value=\"0\" \/><input type=\"hidden\" name=\"_wpcf7_posted_data_hash\" value=\"\" \/><input type=\"hidden\" name=\"_wpcf7_recaptcha_response\" value=\"\" \/>\n<\/fieldset>\n<label> Name\n    <span class=\"wpcf7-form-control-wrap\" data-name=\"your-name\"><input size=\"40\" maxlength=\"400\" class=\"wpcf7-form-control wpcf7-text wpcf7-validates-as-required\" autocomplete=\"name\" aria-required=\"true\" aria-invalid=\"false\" value=\"\" type=\"text\" name=\"your-name\" \/><\/span> <\/label>\n\n<label> E-mail\n    <span class=\"wpcf7-form-control-wrap\" data-name=\"your-email\"><input size=\"40\" maxlength=\"400\" class=\"wpcf7-form-control wpcf7-email wpcf7-validates-as-required wpcf7-text wpcf7-validates-as-email\" autocomplete=\"email\" aria-required=\"true\" aria-invalid=\"false\" value=\"\" type=\"email\" name=\"your-email\" \/><\/span> <\/label>\n\n<label> Subject\n    <span class=\"wpcf7-form-control-wrap\" data-name=\"your-subject\"><input size=\"40\" maxlength=\"400\" class=\"wpcf7-form-control wpcf7-text wpcf7-validates-as-required\" aria-required=\"true\" aria-invalid=\"false\" value=\"\" type=\"text\" name=\"your-subject\" \/><\/span> <\/label>\n\n<label> Message\n    <span class=\"wpcf7-form-control-wrap\" data-name=\"your-message\"><textarea cols=\"40\" rows=\"10\" maxlength=\"2000\" class=\"wpcf7-form-control wpcf7-textarea\" aria-invalid=\"false\" name=\"your-message\"><\/textarea><\/span> <\/label>\n\n<input class=\"wpcf7-form-control wpcf7-submit has-spinner\" type=\"submit\" value=\"Submit\" \/><p style=\"display: none !important;\" class=\"akismet-fields-container\" data-prefix=\"_wpcf7_ak_\"><label>&#916;<textarea name=\"_wpcf7_ak_hp_textarea\" cols=\"45\" rows=\"8\" maxlength=\"100\"><\/textarea><\/label><input type=\"hidden\" id=\"ak_js_1\" name=\"_wpcf7_ak_js\" value=\"42\"\/><script>document.getElementById( \"ak_js_1\" ).setAttribute( \"value\", ( new Date() ).getTime() );<\/script><\/p><div class=\"wpcf7-response-output\" aria-hidden=\"true\"><\/div>\n<input type=\"hidden\" name=\"trp-form-language\" value=\"en\"\/><\/form>\n<\/div>\n\t\t\t\t\t\t\t\t<\/div>\n\t\t\t\t\t\t\t<\/div>\n\t\t\t\t\t\t\t\t\t\t\t\t\t<\/div>\n\t\t\t\t\t<\/section>\n\t\t\t\t\t\t\t\t\t<\/div>\n\t\t\t<\/div>\n\n\t\t\t\t<!-- faq end -->\n\n\t\t\t\t\t\t<\/div>\n\t\t\t\t<\/div>\n\t\t\t\t<\/div>\n\t\t\t\t\t<\/div>\n\t\t\t\t<\/div>\n\t\t\t\t<\/div>\n\t\t\t\t<\/div>","protected":false},"excerpt":{"rendered":"<p>Naj\u010dastej\u0161ie ot\u00e1zky Beach Hotel Payment Services Terms and conditions Beach 1 Where can I get some? There are many variations&#8230; <span class=\"knsl-el-more\"><a href=\"https:\/\/www.marylouapartments.sk\/en\/faq\/item\/where-can-i-get-some\/\" class=\"knsl-btn\">Read more<span class=\"screen-reader-text\">Read more&nbsp;V ak\u00fd \u010das sa m\u00f4\u017eeme ubytova\u0165?<\/span><\/a><\/span><\/p>","protected":false},"author":1,"featured_media":0,"parent":0,"menu_order":0,"comment_status":"closed","ping_status":"closed","template":"template-layout-builder.php","meta":{"_acf_changed":false,"footnotes":""},"class_list":["post-688","page","type-page","status-publish","hentry"],"acf":[],"aioseo_notices":[],"_links":{"self":[{"href":"https:\/\/www.marylouapartments.sk\/en\/wp-json\/wp\/v2\/pages\/688","targetHints":{"allow":["GET"]}}],"collection":[{"href":"https:\/\/www.marylouapartments.sk\/en\/wp-json\/wp\/v2\/pages"}],"about":[{"href":"https:\/\/www.marylouapartments.sk\/en\/wp-json\/wp\/v2\/types\/page"}],"author":[{"embeddable":true,"href":"https:\/\/www.marylouapartments.sk\/en\/wp-json\/wp\/v2\/users\/1"}],"replies":[{"embeddable":true,"href":"https:\/\/www.marylouapartments.sk\/en\/wp-json\/wp\/v2\/comments?post=688"}],"version-history":[{"count":0,"href":"https:\/\/www.marylouapartments.sk\/en\/wp-json\/wp\/v2\/pages\/688\/revisions"}],"wp:attachment":[{"href":"https:\/\/www.marylouapartments.sk\/en\/wp-json\/wp\/v2\/media?parent=688"}],"curies":[{"name":"wp","href":"https:\/\/api.w.org\/{rel}","templated":true}]}}