{"id":713,"date":"2021-12-15T17:07:22","date_gmt":"2021-12-15T17:07:22","guid":{"rendered":"https:\/\/kinsley-demo.bslthemes.com\/?page_id=713"},"modified":"2024-06-01T22:22:30","modified_gmt":"2024-06-01T20:22:30","slug":"blog-mla","status":"publish","type":"page","link":"https:\/\/www.marylouapartments.sk\/en\/blog-mla\/","title":{"rendered":"Blog"},"content":{"rendered":"<div data-elementor-type=\"wp-page\" data-elementor-id=\"713\" class=\"elementor elementor-713\" data-elementor-post-type=\"page\">\n\t\t\t\t<div class=\"elementor-element elementor-element-07c8538 e-con-full e-flex e-con e-parent\" data-id=\"07c8538\" data-element_type=\"container\">\n\t\t<div class=\"elementor-element elementor-element-d3ed072 e-con-full e-flex e-con e-child\" data-id=\"d3ed072\" data-element_type=\"container\">\n\t\t\t\t<div class=\"elementor-element elementor-element-49b0291 elementor-widget elementor-widget-kinsley-intro\" data-id=\"49b0291\" data-element_type=\"widget\" data-widget_type=\"kinsley-intro.default\">\n\t\t\t\t<div class=\"elementor-widget-container\">\n\t\t\t\t\t\n    <!-- banner -->\n    <section class=\"knsl-banner-simple knsl-transition-bottom knsl-banner-white\">\n      \n\t  \n      <div class=\"container\">\n        <div class=\"row\">\n          <div class=\"col-lg-12\">\n\n            <div class=\"knsl-center knsl-title-frame title-pos-top\">\n                            <h1 class=\"knsl-title--h knsl-mb-20 knsl-h1-inner\">\n                <span >\n                    Blog                <\/span>\n              <\/h1>\n                                          <p class=\"knsl-text knsl-mb-30\">\n                <span >\n                    Zv\u00fd\u0161te svoj z\u00e1\u017eitok z cestovania                <\/span>\n              <\/p>\n              \n              \n            <\/div>\n\n          <\/div>\n        <\/div>\n      <\/div>\n    <\/section>\n    <!-- banner end -->\n\n\t\t\t\t\t\t<\/div>\n\t\t\t\t<\/div>\n\t\t\t\t<\/div>\n\t\t\t\t<\/div>\n\t\t<div class=\"elementor-element elementor-element-9378ea5 e-con-full e-flex e-con e-parent\" data-id=\"9378ea5\" data-element_type=\"container\">\n\t\t<div class=\"elementor-element elementor-element-987d037 e-flex e-con-boxed e-con e-child\" data-id=\"987d037\" data-element_type=\"container\">\n\t\t\t\t\t<div class=\"e-con-inner\">\n\t\t<div class=\"elementor-element elementor-element-2657143 e-con-full e-flex e-con e-child\" data-id=\"2657143\" data-element_type=\"container\">\n\t\t\t\t<div class=\"elementor-element elementor-element-7d0dbb4 elementor-widget elementor-widget-kinsley-section-heading-two\" data-id=\"7d0dbb4\" data-element_type=\"widget\" data-widget_type=\"kinsley-section-heading-two.default\">\n\t\t\t\t<div class=\"elementor-widget-container\">\n\t\t\t\t\t\n\t\t\t\t<div class=\"knsl-subtitle-two knsl-mb-20\">\n\t\t\t<span >\n\t\t\t\tBLOG\t\t\t<\/span>\n\t\t<\/div>\n\t\t\t\t\t\t<h2 class=\"knsl-title-two knsl-mb-30\">\n\t\t\t<span >\n\t\t\t\tTipy na v\u00fdlet\t\t\t<\/span>\n\t\t<\/h2>\n\t\t\t\t\n\t\t\t\t\t\t<\/div>\n\t\t\t\t<\/div>\n\t\t\t\t<\/div>\n\t\t<div class=\"elementor-element elementor-element-beeb77a e-con-full e-flex e-con e-child\" data-id=\"beeb77a\" data-element_type=\"container\">\n\t\t\t\t<div class=\"elementor-element elementor-element-71d0837 elementor-widget elementor-widget-kinsley-blog-grid\" data-id=\"71d0837\" data-element_type=\"widget\" data-widget_type=\"kinsley-blog-grid.default\">\n\t\t\t\t<div class=\"elementor-widget-container\">\n\t\t\t\t\t\n\t<!-- blog -->\n\t<section class=\"knsl-transition-none knsl-p-0-80\">\n\t\t\n\t    \t\t\t<div class=\"row  attr-categories-false attr-readmore-false\">\n\t\t\t\t\n\t\t\t\t\t\t\t\t\t\t\t\t<div class=\"col-md-6 col-lg-4 knsl-icon-frame-hide\">\n\n\t\t\t\t\t\n\n\n<!-- blog card -->\n<div class=\"knsl-blog-card\">\n  <div id=\"post-1181\" class=\"post-1181 post type-post status-publish format-standard has-post-thumbnail hentry category-travel tag-guide tag-places tag-travel tag-trip\">\n    <div class=\"knsl-cover-frame\">\n    <a href=\"https:\/\/www.marylouapartments.sk\/en\/the-ultimate-guide-to-traveling-when-you-have-no-money-2\/\">\n    \t    \t<img decoding=\"async\" src=\"https:\/\/www.marylouapartments.sk\/wp-content\/uploads\/2021\/10\/blog-2-1-950x608.jpg\" alt=\"The Ultimate Guide to Traveling When You Have No Money\" \/>\n    \t    <\/a>\n\t\t<div class=\"knsl-badge\">\n\t\t\tTravel\t\t<\/div>\n  <\/div>\n    <div class=\"knsl-description-frame\">\n    <div class=\"knsl-room-features\">\n      <div class=\"knsl-feature knsl-feature-author\">\n                <div class=\"knsl-icon-frame knsl-icon-author\"><img decoding=\"async\" src=\"https:\/\/secure.gravatar.com\/avatar\/2643809f6211c45c0f9d3f569e283cd30ed559f999fffcf53cafbfe53861f18c?s=96&#038;d=mm&#038;r=g\" alt=\"MaryLou\" \/><\/div>\n                <span>MaryLou<\/span>\n      <\/div>\n\n      \t  \t<div class=\"knsl-feature knsl-feature-date\">\n        <div class=\"knsl-icon-frame\"><span class=\"img-svg img-svg-time\"><\/span><\/div>\n        <span>21. December 2021<\/span>\n      <\/div>\n\t  \t    <\/div>\n    <a href=\"https:\/\/www.marylouapartments.sk\/en\/the-ultimate-guide-to-traveling-when-you-have-no-money-2\/\" class=\"knsl-title\">\n      <h4 class=\"knsl-mb-20\">The Ultimate Guide to Traveling When You Have No Money<\/h4>\n    <\/a>\n    <div class=\"knsl-text-light knsl-text-sm\">\n    \t<p>Image for cattle earth. May one Which life divide sea. Commodi soluta minima nemo,&#8230; <span class=\"knsl-el-more\"><a href=\"https:\/\/www.marylouapartments.sk\/en\/the-ultimate-guide-to-traveling-when-you-have-no-money-2\/\" class=\"knsl-btn\">Read more<span class=\"screen-reader-text\">Read more&nbsp;The Ultimate Guide to Traveling When You Have No Money<\/span><\/a><\/span><\/p>\n    <\/div>\n  <\/div>\n  <\/div>\n<\/div>\n<!-- blog card end -->\n\n\n\t\t\t\t<\/div>\n\t\t\t\t\t\t\t\t<div class=\"col-md-6 col-lg-4 knsl-icon-frame-hide\">\n\n\t\t\t\t\t\n\n\n<!-- blog card -->\n<div class=\"knsl-blog-card\">\n  <div id=\"post-1182\" class=\"post-1182 post type-post status-publish format-standard has-post-thumbnail hentry category-travel tag-resort tag-tour tag-travel\">\n    <div class=\"knsl-cover-frame\">\n    <a href=\"https:\/\/www.marylouapartments.sk\/en\/the-best-travel-insurance-companies-for-seniors-2\/\">\n    \t    \t<img decoding=\"async\" src=\"https:\/\/www.marylouapartments.sk\/wp-content\/uploads\/2021\/10\/blog-3-950x634.jpg\" alt=\"The Best Travel Insurance Companies for Seniors\" \/>\n    \t    <\/a>\n\t\t<div class=\"knsl-badge\">\n\t\t\tTravel\t\t<\/div>\n  <\/div>\n    <div class=\"knsl-description-frame\">\n    <div class=\"knsl-room-features\">\n      <div class=\"knsl-feature knsl-feature-author\">\n                <div class=\"knsl-icon-frame knsl-icon-author\"><img decoding=\"async\" src=\"https:\/\/secure.gravatar.com\/avatar\/2643809f6211c45c0f9d3f569e283cd30ed559f999fffcf53cafbfe53861f18c?s=96&#038;d=mm&#038;r=g\" alt=\"MaryLou\" \/><\/div>\n                <span>MaryLou<\/span>\n      <\/div>\n\n      \t  \t<div class=\"knsl-feature knsl-feature-date\">\n        <div class=\"knsl-icon-frame\"><span class=\"img-svg img-svg-time\"><\/span><\/div>\n        <span>21. December 2021<\/span>\n      <\/div>\n\t  \t    <\/div>\n    <a href=\"https:\/\/www.marylouapartments.sk\/en\/the-best-travel-insurance-companies-for-seniors-2\/\" class=\"knsl-title\">\n      <h4 class=\"knsl-mb-20\">The Best Travel Insurance Companies for Seniors<\/h4>\n    <\/a>\n    <div class=\"knsl-text-light knsl-text-sm\">\n    \t<p>Image for cattle earth. May one Which life divide sea. Commodi soluta minima nemo,&#8230; <span class=\"knsl-el-more\"><a href=\"https:\/\/www.marylouapartments.sk\/en\/the-best-travel-insurance-companies-for-seniors-2\/\" class=\"knsl-btn\">Read more<span class=\"screen-reader-text\">Read more&nbsp;The Best Travel Insurance Companies for Seniors<\/span><\/a><\/span><\/p>\n    <\/div>\n  <\/div>\n  <\/div>\n<\/div>\n<!-- blog card end -->\n\n\n\t\t\t\t<\/div>\n\t\t\t\t\t\t\t\t<div class=\"col-md-6 col-lg-4 knsl-icon-frame-hide\">\n\n\t\t\t\t\t\n\n\n<!-- blog card -->\n<div class=\"knsl-blog-card\">\n  <div id=\"post-1179\" class=\"post-1179 post type-post status-publish format-standard has-post-thumbnail hentry category-places tag-sea tag-tour tag-travel tag-trip\">\n    <div class=\"knsl-cover-frame\">\n    <a href=\"https:\/\/www.marylouapartments.sk\/en\/18-easy-steps-for-planning-your-next-trip-2\/\">\n    \t    \t<img decoding=\"async\" src=\"https:\/\/www.marylouapartments.sk\/wp-content\/uploads\/2023\/08\/kh-slides-32-950x594.jpg\" alt=\"18 Easy Steps for Planning Your Next Trip\" \/>\n    \t    <\/a>\n\t\t<div class=\"knsl-badge\">\n\t\t\tPlaces\t\t<\/div>\n  <\/div>\n    <div class=\"knsl-description-frame\">\n    <div class=\"knsl-room-features\">\n      <div class=\"knsl-feature knsl-feature-author\">\n                <div class=\"knsl-icon-frame knsl-icon-author\"><img decoding=\"async\" src=\"https:\/\/secure.gravatar.com\/avatar\/2643809f6211c45c0f9d3f569e283cd30ed559f999fffcf53cafbfe53861f18c?s=96&#038;d=mm&#038;r=g\" alt=\"MaryLou\" \/><\/div>\n                <span>MaryLou<\/span>\n      <\/div>\n\n      \t  \t<div class=\"knsl-feature knsl-feature-date\">\n        <div class=\"knsl-icon-frame\"><span class=\"img-svg img-svg-time\"><\/span><\/div>\n        <span>21. December 2021<\/span>\n      <\/div>\n\t  \t    <\/div>\n    <a href=\"https:\/\/www.marylouapartments.sk\/en\/18-easy-steps-for-planning-your-next-trip-2\/\" class=\"knsl-title\">\n      <h4 class=\"knsl-mb-20\">18 Easy Steps for Planning Your Next Trip<\/h4>\n    <\/a>\n    <div class=\"knsl-text-light knsl-text-sm\">\n    \t<p>Image for cattle earth. May one Which life divide sea. Commodi soluta minima nemo,&#8230; <span class=\"knsl-el-more\"><a href=\"https:\/\/www.marylouapartments.sk\/en\/18-easy-steps-for-planning-your-next-trip-2\/\" class=\"knsl-btn\">Read more<span class=\"screen-reader-text\">Read more&nbsp;18 Easy Steps for Planning Your Next Trip<\/span><\/a><\/span><\/p>\n    <\/div>\n  <\/div>\n  <\/div>\n<\/div>\n<!-- blog card end -->\n\n\n\t\t\t\t<\/div>\n\t\t\t\t\t\t\t\t<div class=\"col-md-6 col-lg-4 knsl-icon-frame-hide\">\n\n\t\t\t\t\t\n\n\n<!-- blog card -->\n<div class=\"knsl-blog-card knsl-scroll-animation\">\n  <div id=\"post-270\" class=\"post-270 post type-post status-publish format-standard has-post-thumbnail hentry category-travel tag-places tag-sea tag-travel\">\n    <div class=\"knsl-cover-frame\">\n    <a href=\"https:\/\/www.marylouapartments.sk\/en\/the-best-travel-insurance-companies-for-seniors\/\">\n    \t    \t<img decoding=\"async\" src=\"https:\/\/www.marylouapartments.sk\/wp-content\/uploads\/2021\/12\/k-cta-13-950x475.jpg\" alt=\"The Best Travel Insurance Companies for Seniors\" \/>\n    \t    <\/a>\n\t\t<div class=\"knsl-badge\">\n\t\t\tTravel\t\t<\/div>\n  <\/div>\n    <div class=\"knsl-description-frame\">\n    <div class=\"knsl-room-features\">\n      <div class=\"knsl-feature knsl-feature-author\">\n                <div class=\"knsl-icon-frame knsl-icon-author\"><img decoding=\"async\" src=\"https:\/\/secure.gravatar.com\/avatar\/2643809f6211c45c0f9d3f569e283cd30ed559f999fffcf53cafbfe53861f18c?s=96&#038;d=mm&#038;r=g\" alt=\"MaryLou\" \/><\/div>\n                <span>MaryLou<\/span>\n      <\/div>\n\n      \t  \t<div class=\"knsl-feature knsl-feature-date\">\n        <div class=\"knsl-icon-frame\"><span class=\"img-svg img-svg-time\"><\/span><\/div>\n        <span>20. October 2021<\/span>\n      <\/div>\n\t  \t    <\/div>\n    <a href=\"https:\/\/www.marylouapartments.sk\/en\/the-best-travel-insurance-companies-for-seniors\/\" class=\"knsl-title\">\n      <h4 class=\"knsl-mb-20\">The Best Travel Insurance Companies for Seniors<\/h4>\n    <\/a>\n    <div class=\"knsl-text-light knsl-text-sm\">\n    \t<p>Image for cattle earth. May one Which life divide sea. Commodi soluta minima nemo,&#8230; <span class=\"knsl-el-more\"><a href=\"https:\/\/www.marylouapartments.sk\/en\/the-best-travel-insurance-companies-for-seniors\/\" class=\"knsl-btn\">Read more<span class=\"screen-reader-text\">Read more&nbsp;The Best Travel Insurance Companies for Seniors<\/span><\/a><\/span><\/p>\n    <\/div>\n  <\/div>\n  <\/div>\n<\/div>\n<!-- blog card end -->\n\n\n\t\t\t\t<\/div>\n\t\t\t\t\t\t\t\t<div class=\"col-md-6 col-lg-4 knsl-icon-frame-hide\">\n\n\t\t\t\t\t\n\n\n<!-- blog card -->\n<div class=\"knsl-blog-card knsl-scroll-animation\">\n  <div id=\"post-267\" class=\"post-267 post type-post status-publish format-standard has-post-thumbnail hentry category-places tag-sea tag-travel tag-trip\">\n    <div class=\"knsl-cover-frame\">\n    <a href=\"https:\/\/www.marylouapartments.sk\/en\/the-ultimate-guide-to-traveling-when-you-have-no-money\/\">\n    \t    \t<img decoding=\"async\" src=\"https:\/\/www.marylouapartments.sk\/wp-content\/uploads\/2023\/08\/k-cta-12-950x633.jpg\" alt=\"The Ultimate Guide to Traveling When You Have No Money\" \/>\n    \t    <\/a>\n\t\t<div class=\"knsl-badge\">\n\t\t\tPlaces\t\t<\/div>\n  <\/div>\n    <div class=\"knsl-description-frame\">\n    <div class=\"knsl-room-features\">\n      <div class=\"knsl-feature knsl-feature-author\">\n                <div class=\"knsl-icon-frame knsl-icon-author\"><img decoding=\"async\" src=\"https:\/\/secure.gravatar.com\/avatar\/2643809f6211c45c0f9d3f569e283cd30ed559f999fffcf53cafbfe53861f18c?s=96&#038;d=mm&#038;r=g\" alt=\"MaryLou\" \/><\/div>\n                <span>MaryLou<\/span>\n      <\/div>\n\n      \t  \t<div class=\"knsl-feature knsl-feature-date\">\n        <div class=\"knsl-icon-frame\"><span class=\"img-svg img-svg-time\"><\/span><\/div>\n        <span>20. October 2021<\/span>\n      <\/div>\n\t  \t    <\/div>\n    <a href=\"https:\/\/www.marylouapartments.sk\/en\/the-ultimate-guide-to-traveling-when-you-have-no-money\/\" class=\"knsl-title\">\n      <h4 class=\"knsl-mb-20\">The Ultimate Guide to Traveling When You Have No Money<\/h4>\n    <\/a>\n    <div class=\"knsl-text-light knsl-text-sm\">\n    \t<p>Image for cattle earth. May one Which life divide sea. Commodi soluta minima nemo,&#8230; <span class=\"knsl-el-more\"><a href=\"https:\/\/www.marylouapartments.sk\/en\/the-ultimate-guide-to-traveling-when-you-have-no-money\/\" class=\"knsl-btn\">Read more<span class=\"screen-reader-text\">Read more&nbsp;The Ultimate Guide to Traveling When You Have No Money<\/span><\/a><\/span><\/p>\n    <\/div>\n  <\/div>\n  <\/div>\n<\/div>\n<!-- blog card end -->\n\n\n\t\t\t\t<\/div>\n\t\t\t\t\t\t\t\t<div class=\"col-md-6 col-lg-4 knsl-icon-frame-hide\">\n\n\t\t\t\t\t\n\n\n<!-- blog card -->\n<div class=\"knsl-blog-card knsl-scroll-animation\">\n  <div id=\"post-259\" class=\"post-259 post type-post status-publish format-standard has-post-thumbnail hentry category-places tag-places tag-sea tag-travel\">\n    <div class=\"knsl-cover-frame\">\n    <a href=\"https:\/\/www.marylouapartments.sk\/en\/18-easy-steps-for-planning-your-next-trip\/\">\n    \t    \t<img decoding=\"async\" src=\"https:\/\/www.marylouapartments.sk\/wp-content\/uploads\/2023\/08\/k-hero-slide-5-950x523.jpg\" alt=\"18 Easy Steps for Planning Your Next Trip\" \/>\n    \t    <\/a>\n\t\t<div class=\"knsl-badge\">\n\t\t\tPlaces\t\t<\/div>\n  <\/div>\n    <div class=\"knsl-description-frame\">\n    <div class=\"knsl-room-features\">\n      <div class=\"knsl-feature knsl-feature-author\">\n                <div class=\"knsl-icon-frame knsl-icon-author\"><img decoding=\"async\" src=\"https:\/\/secure.gravatar.com\/avatar\/2643809f6211c45c0f9d3f569e283cd30ed559f999fffcf53cafbfe53861f18c?s=96&#038;d=mm&#038;r=g\" alt=\"MaryLou\" \/><\/div>\n                <span>MaryLou<\/span>\n      <\/div>\n\n      \t  \t<div class=\"knsl-feature knsl-feature-date\">\n        <div class=\"knsl-icon-frame\"><span class=\"img-svg img-svg-time\"><\/span><\/div>\n        <span>20. October 2021<\/span>\n      <\/div>\n\t  \t    <\/div>\n    <a href=\"https:\/\/www.marylouapartments.sk\/en\/18-easy-steps-for-planning-your-next-trip\/\" class=\"knsl-title\">\n      <h4 class=\"knsl-mb-20\">18 Easy Steps for Planning Your Next Trip<\/h4>\n    <\/a>\n    <div class=\"knsl-text-light knsl-text-sm\">\n    \t<p>Image for cattle earth. May one Which life divide sea. Commodi soluta minima nemo,&#8230; <span class=\"knsl-el-more\"><a href=\"https:\/\/www.marylouapartments.sk\/en\/18-easy-steps-for-planning-your-next-trip\/\" class=\"knsl-btn\">Read more<span class=\"screen-reader-text\">Read more&nbsp;18 Easy Steps for Planning Your Next Trip<\/span><\/a><\/span><\/p>\n    <\/div>\n  <\/div>\n  <\/div>\n<\/div>\n<!-- blog card end -->\n\n\n\t\t\t\t<\/div>\n\t\t\t\t\n\t      \t\t\t\t\t\t<!-- pagination -->\n\t\t\t\t<div class=\"knsl-pagination\">\n\t\t\t\t\t\t\t\t<\/div>\n\t\t\t\t<!-- pagination end -->\n\t\t\t\t\n\t\t\t\t\t    \t\t\n\t    \t<\/div>\n\t\t\t<\/section>\n\t<!-- blog end -->\n\n\t\t\t\t\t\t<\/div>\n\t\t\t\t<\/div>\n\t\t\t\t<\/div>\n\t\t\t\t\t<\/div>\n\t\t\t\t<\/div>\n\t\t\t\t<\/div>\n\t\t\t\t<\/div>","protected":false},"excerpt":{"rendered":"<p>Blog Zv\u00fd\u0161te svoj z\u00e1\u017eitok z cestovania BLOG Tipy na v\u00fdlet Travel MaryLou 21. decembra&#8230; <span class=\"knsl-el-more\"><a href=\"https:\/\/www.marylouapartments.sk\/en\/18-easy-steps-for-planning-your-next-trip\/\" class=\"knsl-btn\">Read more<span class=\"screen-reader-text\">Read more&nbsp;18 Easy Steps for Planning Your Next Trip<\/span><\/a><\/span><\/p>","protected":false},"author":1,"featured_media":0,"parent":0,"menu_order":0,"comment_status":"closed","ping_status":"closed","template":"","meta":{"_acf_changed":false,"footnotes":""},"class_list":["post-713","page","type-page","status-publish","hentry"],"acf":[],"aioseo_notices":[],"_links":{"self":[{"href":"https:\/\/www.marylouapartments.sk\/en\/wp-json\/wp\/v2\/pages\/713","targetHints":{"allow":["GET"]}}],"collection":[{"href":"https:\/\/www.marylouapartments.sk\/en\/wp-json\/wp\/v2\/pages"}],"about":[{"href":"https:\/\/www.marylouapartments.sk\/en\/wp-json\/wp\/v2\/types\/page"}],"author":[{"embeddable":true,"href":"https:\/\/www.marylouapartments.sk\/en\/wp-json\/wp\/v2\/users\/1"}],"replies":[{"embeddable":true,"href":"https:\/\/www.marylouapartments.sk\/en\/wp-json\/wp\/v2\/comments?post=713"}],"version-history":[{"count":0,"href":"https:\/\/www.marylouapartments.sk\/en\/wp-json\/wp\/v2\/pages\/713\/revisions"}],"wp:attachment":[{"href":"https:\/\/www.marylouapartments.sk\/en\/wp-json\/wp\/v2\/media?parent=713"}],"curies":[{"name":"wp","href":"https:\/\/api.w.org\/{rel}","templated":true}]}}